{"id":531,"date":"2020-06-10T15:02:34","date_gmt":"2020-06-10T20:02:34","guid":{"rendered":"http:\/\/norlag.ca\/privacy-policy\/"},"modified":"2022-10-19T09:36:29","modified_gmt":"2022-10-19T14:36:29","slug":"politiques-de-confidentialite","status":"publish","type":"page","link":"https:\/\/www.norlag.ca\/fr\/politiques-de-confidentialite\/","title":{"rendered":"Politiques de confidentialit\u00e9"},"content":{"rendered":"\t\t<div data-elementor-type=\"wp-page\" data-elementor-id=\"531\" class=\"elementor elementor-531 elementor-515\" data-elementor-post-type=\"page\">\n\t\t\t\t\t\t<section class=\"elementor-section elementor-top-section elementor-element elementor-element-7609ccb elementor-section-boxed elementor-section-height-default elementor-section-height-default\" data-id=\"7609ccb\" data-element_type=\"section\">\n\t\t\t\t\t\t<div class=\"elementor-container elementor-column-gap-default\">\n\t\t\t\t\t<div class=\"elementor-column elementor-col-100 elementor-top-column elementor-element elementor-element-34e5635\" data-id=\"34e5635\" data-element_type=\"column\">\n\t\t\t<div class=\"elementor-widget-wrap elementor-element-populated\">\n\t\t\t\t\t\t<div class=\"elementor-element elementor-element-1af5918 elementor-widget elementor-widget-wp-widget-text\" data-id=\"1af5918\" data-element_type=\"widget\" data-widget_type=\"wp-widget-text.default\">\n\t\t\t\t<div class=\"elementor-widget-container\">\n\t\t\t\t\t\t\t\t<div class=\"textwidget\"><section class=\"elementor-element elementor-element-60d7d36 elementor-section-height-min-height elementor-section-boxed elementor-section-height-default elementor-section-items-middle elementor-section elementor-top-section\" data-id=\"60d7d36\" data-element_type=\"section\" data-settings=\"{&quot;background_background&quot;:&quot;classic&quot;}\">\n<div class=\"elementor-container elementor-column-gap-no\">\n<div class=\"elementor-row\">\n<div class=\"elementor-element elementor-element-2c07fec elementor-column elementor-col-33 elementor-top-column\" data-id=\"2c07fec\" data-element_type=\"column\">\n<div class=\"elementor-column-wrap elementor-element-populated\">\n<div class=\"elementor-widget-wrap\">\n<div class=\"elementor-element elementor-element-cdd8c79 animated-slow elementor-widget elementor-widget-heading animated fadeIn\" data-id=\"cdd8c79\" data-element_type=\"widget\" data-settings=\"{&quot;_animation&quot;:&quot;fadeIn&quot;,&quot;_animation_delay&quot;:100}\" data-widget_type=\"heading.default\">\n<div class=\"elementor-widget-container\">\n<h1 class=\"elementor-heading-title elementor-size-default\">21 Septembre 2022<\/h1>\n<p>&nbsp;<\/p>\n<p><strong>Loi sur la protection des renseignements personnels<\/strong><\/p>\n<p><strong>Nom du responsable :<\/strong> Jeff Lagendyk<br \/>\n<strong>Titre :<\/strong> Vice-Pr\u00e9sident Op\u00e9rations<br \/>\n<strong>Courriel :<\/strong> <span \n                data-original-string='QN9kK30eQDZR4\/ydmNCAdg==f64RAKOoCX2KTX0thMUI7ih\/KDG6FAlDTWA+7VTZVyqrno='\n                class='apbct-email-encoder'\n                title='This contact has been encoded by Anti-Spam by CleanTalk. Click to decode. To finish the decoding make sure that JavaScript is enabled in your browser.'>no<span class=\"apbct-blur\">****<\/span>@<span class=\"apbct-blur\">****<\/span>ag.ca<\/span><\/p>\n<\/div>\n<\/div>\n<div class=\"elementor-element elementor-element-ca9f825 pp-dual-heading-block elementor-widget elementor-widget-pp-dual-heading\" data-id=\"ca9f825\" data-element_type=\"widget\" data-widget_type=\"pp-dual-heading.default\">\n<div class=\"elementor-widget-container\">\n<h2 class=\"pp-dual-heading\"><span class=\"pp-first-text\">POLITIQUES DE CONFIDENTIALIT\u00c9<\/span><\/h2>\n<\/div>\n<\/div>\n<div class=\"elementor-element elementor-element-8baf8d1 animated-slow elementor-widget elementor-widget-text-editor animated fadeIn\" data-id=\"8baf8d1\" data-element_type=\"widget\" data-settings=\"{&quot;_animation&quot;:&quot;fadeIn&quot;,&quot;_animation_delay&quot;:700}\" data-widget_type=\"text-editor.default\">\n<div class=\"elementor-widget-container\">\n<div class=\"elementor-text-editor elementor-clearfix\">\n<p>Nor-Lag (\u00ab nous \u00bb, \u00ab notre \u00bb, \u00ab nos \u00bb) exploite le site web <a href=\"https:\/\/www.norlag.ca\/\">https:\/\/www.norlag.ca\/<\/a> (ci-apr\u00e8s d\u00e9sign\u00e9 par le terme \u00ab Service \u00bb). Cette page vous explique nos politiques en mati\u00e8re de collecte, d\u2019utilisation et de communication des donn\u00e9es \u00e0 caract\u00e8re personnel lorsque vous utilisez notre Service ainsi que les choix qui s\u2019offrent \u00e0 vous en ce qui concerne ces donn\u00e9es. Nous utilisons vos donn\u00e9es pour fournir et am\u00e9liorer le Service. En utilisant le Service, vous consentez \u00e0 la collecte et \u00e0 l\u2019utilisation d\u2019informations conform\u00e9ment \u00e0 la pr\u00e9sente politique. Sauf d\u00e9finition contraire dans la pr\u00e9sente Politique de Confidentialit\u00e9, les termes utilis\u00e9s dans la pr\u00e9sente Politique de Confidentialit\u00e9 ont la m\u00eame signification que dans nos Conditions G\u00e9n\u00e9rales qui sont disponibles sur <a href=\"https:\/\/www.norlag.ca\/\">https:\/\/www.norlag.ca\/<\/a>.<\/p>\n<\/div>\n<\/div>\n<\/div>\n<div class=\"elementor-element elementor-element-909fa3a elementor-view-default elementor-widget elementor-widget-icon animated slideInDown\" data-id=\"909fa3a\" data-element_type=\"widget\" data-settings=\"{&quot;_animation&quot;:&quot;slideInDown&quot;}\" data-widget_type=\"icon.default\">\n<div class=\"elementor-widget-container\">\n<div class=\"elementor-icon-wrapper\">\n<div class=\"elementor-icon\"><\/div>\n<\/div>\n<\/div>\n<\/div>\n<\/div>\n<\/div>\n<\/div>\n<div class=\"elementor-element elementor-element-f97d91c elementor-column elementor-col-33 elementor-top-column\" data-id=\"f97d91c\" data-element_type=\"column\">\n<div class=\"elementor-column-wrap\">\n<div class=\"elementor-widget-wrap\"><\/div>\n<\/div>\n<\/div>\n<\/div>\n<\/div>\n<\/section>\n<section class=\"elementor-element elementor-element-906da82 elementor-section-boxed elementor-section-height-default elementor-section-height-default elementor-section elementor-top-section\" data-id=\"906da82\" data-element_type=\"section\">\n<div class=\"elementor-container elementor-column-gap-default\">\n<div class=\"elementor-row\">\n<div class=\"elementor-element elementor-element-909522f animated-slow elementor-column elementor-col-50 elementor-top-column animated fadeIn\" data-id=\"909522f\" data-element_type=\"column\" data-settings=\"{&quot;animation&quot;:&quot;fadeIn&quot;}\">\n<div class=\"elementor-column-wrap elementor-element-populated\">\n<div class=\"elementor-widget-wrap\">\n<div class=\"elementor-element elementor-element-df228bb elementor-widget elementor-widget-divider\" data-id=\"df228bb\" data-element_type=\"widget\" data-widget_type=\"divider.default\">\n<div class=\"elementor-widget-container\">\n<div class=\"elementor-divider\"><\/div>\n<\/div>\n<\/div>\n<\/div>\n<\/div>\n<\/div>\n<div class=\"elementor-element elementor-element-075ae89 elementor-column elementor-col-50 elementor-top-column\" data-id=\"075ae89\" data-element_type=\"column\">\n<div class=\"elementor-column-wrap elementor-element-populated\">\n<div class=\"elementor-widget-wrap\">\n<div class=\"elementor-element elementor-element-2c0971e elementor-widget elementor-widget-heading\" data-id=\"2c0971e\" data-element_type=\"widget\" data-widget_type=\"heading.default\">\n<div class=\"elementor-widget-container\">\n<h3 class=\"elementor-heading-title elementor-size-default\">D\u00c9FINITIONS<\/h3>\n<\/div>\n<\/div>\n<div class=\"elementor-element elementor-element-43430cd elementor-widget elementor-widget-text-editor\" data-id=\"43430cd\" data-element_type=\"widget\" data-widget_type=\"text-editor.default\">\n<div class=\"elementor-widget-container\">\n<div class=\"elementor-text-editor elementor-clearfix\">\n<p><strong>Service<\/strong><br \/>\nPar Service on entend le site web <a href=\"https:\/\/www.norlag.ca\/\">https:\/\/www.norlag.ca\/<\/a> exploit\u00e9 par Nor-Lag.<\/p>\n<p><strong>Donn\u00e9es \u00e0 caract\u00e8re personnel<br \/>\n<\/strong>Donn\u00e9es \u00e0 Caract\u00e8re Personnel d\u00e9signe des donn\u00e9es concernant un individu vivant qui peut \u00eatre identifi\u00e9 \u00e0 partir de ces donn\u00e9es (ou \u00e0 partir de ces donn\u00e9es et d\u2019autres informations en notre possession ou susceptibles d\u2019entrer en notre possession).<\/p>\n<p><strong>Donn\u00e9es d\u2019Utilisation<\/strong><br \/>\nLes Donn\u00e9es d\u2019Utilisation sont recueillies automatiquement et sont g\u00e9n\u00e9r\u00e9es soit par l\u2019utilisation du Service, soit par l\u2019infrastructure du Service proprement dite (par exemple, dur\u00e9e de consultation d\u2019une page).<\/p>\n<p><strong>Cookies<\/strong><br \/>\nLes cookies sont de petits fichiers enregistr\u00e9s sur votre dispositif (ordinateur ou dispositif mobile).<\/p>\n<\/div>\n<\/div>\n<\/div>\n<\/div>\n<\/div>\n<\/div>\n<\/div>\n<\/div>\n<\/section>\n<section class=\"elementor-element elementor-element-1f618ac elementor-section-boxed elementor-section-height-default elementor-section-height-default elementor-section elementor-top-section\" data-id=\"1f618ac\" data-element_type=\"section\">\n<div class=\"elementor-container elementor-column-gap-default\">\n<div class=\"elementor-row\">\n<div class=\"elementor-element elementor-element-01bd904 animated-slow elementor-column elementor-col-50 elementor-top-column animated fadeIn\" data-id=\"01bd904\" data-element_type=\"column\" data-settings=\"{&quot;animation&quot;:&quot;fadeIn&quot;}\">\n<div class=\"elementor-column-wrap elementor-element-populated\">\n<div class=\"elementor-widget-wrap\">\n<div class=\"elementor-element elementor-element-dc03af8 elementor-widget elementor-widget-divider\" data-id=\"dc03af8\" data-element_type=\"widget\" data-widget_type=\"divider.default\">\n<div class=\"elementor-widget-container\">\n<div class=\"elementor-divider\"><\/div>\n<\/div>\n<\/div>\n<\/div>\n<\/div>\n<\/div>\n<div class=\"elementor-element elementor-element-493ca92 elementor-column elementor-col-50 elementor-top-column\" data-id=\"493ca92\" data-element_type=\"column\">\n<div class=\"elementor-column-wrap elementor-element-populated\">\n<div class=\"elementor-widget-wrap\">\n<div class=\"elementor-element elementor-element-0cabd33 elementor-widget elementor-widget-heading\" data-id=\"0cabd33\" data-element_type=\"widget\" data-widget_type=\"heading.default\">\n<div class=\"elementor-widget-container\">\n<h3 class=\"elementor-heading-title elementor-size-default\"><strong>COLLECTE ET UTILISATION DES DONN\u00c9ES<\/strong><\/h3>\n<\/div>\n<\/div>\n<div class=\"elementor-element elementor-element-c54ef10 elementor-widget elementor-widget-text-editor\" data-id=\"c54ef10\" data-element_type=\"widget\" data-widget_type=\"text-editor.default\">\n<div class=\"elementor-widget-container\">\n<div class=\"elementor-text-editor elementor-clearfix\">\n<p>Nous recueillons plusieurs types de donn\u00e9es \u00e0 diff\u00e9rentes fins en vue de vous fournir notre Service et de l\u2019am\u00e9liorer.<\/p>\n<p>\u200b<strong>Types de donn\u00e9es recueillies<\/strong><br \/>\n<strong>Donn\u00e9es \u00e0 Caract\u00e8re Personnel<\/strong><br \/>\nDonn\u00e9es \u00e0 Caract\u00e8re Personnel d\u00e9signe des donn\u00e9es concernant un individu vivant qui peut \u00eatre identifi\u00e9 \u00e0 partir de ces donn\u00e9es (ou \u00e0 partir de ces donn\u00e9es et d\u2019autres informations en notre possession ou susceptibles d\u2019entrer en notre possession). Lorsque vous utilisez notre Service, il est possible que nous vous demandions de nous fournir certaines donn\u00e9es personnelles nominatives qui peuvent servir \u00e0 vous contacter ou \u00e0 vous identifier (\u00ab Donn\u00e9es \u00e0 Caract\u00e8re Personnel \u00bb). Les donn\u00e9es personnelles nominatives peuvent comprendre, mais de mani\u00e8re non limitative:<\/p>\n<ul>\n<li>Adresse e-mail<\/li>\n<li>Pr\u00e9nom et nom de famille<\/li>\n<li>Num\u00e9ro de t\u00e9l\u00e9phone<\/li>\n<li>Adresse, ville, province, \u00e9tat, code postal<\/li>\n<li>Cookies et Donn\u00e9es d\u2019Utilisation<\/li>\n<\/ul>\n<p><strong>Donn\u00e9es d\u2019Utilisation<\/strong><br \/>\nNous pouvons \u00e9galement recueillir des informations relatives au mode d\u2019acc\u00e8s et d\u2019utilisation du Service (\u00ab Donn\u00e9es d\u2019Utilisation \u00bb). Ces Donn\u00e9es d\u2019Utilisation peuvent comprendre des informations telles que l\u2019adresse de protocole Internet (c.-\u00e0-d. l\u2019adresse IP) de votre ordinateur, le type de navigateur, la version du navigateur, les pages de notre Service que vous consultez, la date et l\u2019heure de votre visite, le temps pass\u00e9 sur ces pages, les identifiants uniques de dispositifs ainsi que d\u2019autres donn\u00e9es de diagnostic.<\/p>\n<p><strong>Suivi et donn\u00e9es de cookies<\/strong><br \/>\nNous avons recours \u00e0 des cookies et \u00e0 d\u2019autres technologies de suivi similaires pour effectuer un suivi des activit\u00e9s effectu\u00e9es dans notre Service, et nous conservons certaines informations. Les cookies sont des fichiers \u00e0 faible volume de donn\u00e9es pouvant comporter un identifiant unique anonyme. Les cookies sont envoy\u00e9s \u00e0 votre navigateur depuis un site web et sont stock\u00e9s sur votre dispositif. D\u2019autres technologies de suivi telles que les pixels, les balises et les scripts sont \u00e9galement utilis\u00e9es pour recueillir et suivre des informations et afin d\u2019am\u00e9liorer et d\u2019analyser notre Service. Vous pouvez demander \u00e0 votre navigateur de refuser tous les cookies ou de vous avertir lorsqu\u2019un cookie est envoy\u00e9. Toutefois, si vous n\u2019acceptez pas les cookies, il se peut que vous ne puissiez pas utiliser certains \u00e9l\u00e9ments de notre Service.<\/p>\n<p>Exemples de cookies que nous utilisons :<\/p>\n<p><strong>Cookies de Session :<\/strong>\u00a0Nous utilisons des Cookies de Session pour faire fonctionner notre Service.<br \/>\n<strong>Cookies de Pr\u00e9f\u00e9rences :<\/strong>\u00a0Nous utilisons des Cookies de Pr\u00e9f\u00e9rences pour m\u00e9moriser vos pr\u00e9f\u00e9rences et vos diff\u00e9rents param\u00e8tres.<br \/>\n<strong>Cookies de S\u00e9curit\u00e9 :<\/strong>\u00a0Nous utilisons des Cookies de S\u00e9curit\u00e9 pour des raisons de s\u00e9curit\u00e9.<\/p>\n<p><strong>\u200bTransfert des donn\u00e9es<\/strong><br \/>\nLes informations vous concernant, notamment vos Donn\u00e9es \u00e0 Caract\u00e8re Personnel, peuvent \u00eatre transf\u00e9r\u00e9es de votre r\u00e9gion, province, pays, ou autre division territoriale vers des ordinateurs \u2013 et stock\u00e9es sur ces derniers \u2013 situ\u00e9s \u00e0 un endroit o\u00f9 la l\u00e9gislation relative \u00e0 la protection des donn\u00e9es diff\u00e8re de celle du territoire o\u00f9 vous r\u00e9sidez. Si vous r\u00e9sidez hors de\/du Canada et que vous choisissez de nous communiquer des informations, sachez que nous transf\u00e9rons les donn\u00e9es, y compris les Donn\u00e9es \u00e0 Caract\u00e8re Personnel, vers le\/la Canada et que nous les y traitons. En acceptant la pr\u00e9sente Politique de Confidentialit\u00e9 puis en soumettant ces informations, vous consentez \u00e0 ce transfert. Nor-Lag prendra toutes les mesures raisonnablement n\u00e9cessaires pour faire en sorte que vos donn\u00e9es soient trait\u00e9es de mani\u00e8re s\u00e9curis\u00e9e et conform\u00e9ment \u00e0 la pr\u00e9sente Politique de Confidentialit\u00e9 et vos Donn\u00e9es \u00e0 Caract\u00e8re Personnel ne seront transf\u00e9r\u00e9es vers aucune organisation ni aucun pays \u00e0 moins que des contr\u00f4les ad\u00e9quats ne soient en place, notamment en ce qui concerne la s\u00e9curit\u00e9 de vos donn\u00e9es et d\u2019autres donn\u00e9es personnelles.<\/p>\n<p><strong>\u200bCommunication de donn\u00e9es<\/strong><br \/>\n<strong>Exigences l\u00e9gales<\/strong><br \/>\nNor-Lag peut communiquer vos Donn\u00e9es \u00e0 Caract\u00e8re Personnel si elle estime de bonne foi que cela est n\u00e9cessaire pour:<\/p>\n<ul>\n<li>S\u2019acquitter d\u2019une obligation l\u00e9gale Prot\u00e9ger et d\u00e9fendre les droits ou les biens de Nor-Lag<\/li>\n<li>Pr\u00e9venir d\u2019\u00e9ventuels actes r\u00e9pr\u00e9hensibles ou enqu\u00eater sur de tels actes dans le cadre du Service<\/li>\n<li>Assurer la s\u00e9curit\u00e9 personnelle des utilisateurs du Service ou du public<\/li>\n<li>Se prot\u00e9ger contre la responsabilit\u00e9 civile.<\/li>\n<\/ul>\n<p><strong>S\u00e9curit\u00e9 des donn\u00e9es<\/strong><br \/>\nLa s\u00e9curit\u00e9 de vos donn\u00e9es nous tient \u00e0 c\u0153ur. Toutefois, n\u2019oubliez pas qu\u2019aucune m\u00e9thode de transmission de donn\u00e9es par Internet ou m\u00e9thode de stockage \u00e9lectronique n\u2019est s\u00fbre \u00e0 100 %. Bien que nous nous efforcions d\u2019utiliser des m\u00e9thodes commercialement acceptables pour prot\u00e9ger vos Donn\u00e9es \u00e0 Caract\u00e8re Personnel, nous ne pouvons pas leur garantir une s\u00e9curit\u00e9 absolue.<\/p>\n<p><strong>Prestataires de services<\/strong><br \/>\nNous pouvons faire appel \u00e0 des soci\u00e9t\u00e9s tierces et \u00e0 des tierces personnes pour faciliter la prestation de notre Service (\u00ab Prestataires de Services \u00bb), assurer le Service en notre nom, assurer des services li\u00e9s au Service ou nous aider \u00e0 analyser la fa\u00e7on dont notre Service est utilis\u00e9. Ces tiers n\u2019ont acc\u00e8s \u00e0 vos Donn\u00e9es \u00e0 Caract\u00e8re Personnel que pour effectuer ces t\u00e2ches en notre nom et il leur est interdit de les communiquer ou de les utiliser \u00e0 quelle qu\u2019autre fin.<\/p>\n<p><strong>Analyses<\/strong><br \/>\nNous pouvons faire appel \u00e0 des Prestataires de Services tiers pour surveiller et analyser l\u2019utilisation de notre Service.<\/p>\n<p><strong>Google Analytics<br \/>\n<\/strong>Google Analytics est un service d\u2019analyse web propos\u00e9 par Google qui assure le suivi du trafic d\u2019un site web et en rend compte. Google utilise les donn\u00e9es recueillies pour suivre et surveiller l\u2019utilisation de notre Service. Ces donn\u00e9es sont partag\u00e9es avec d\u2019autres services Google. Google peut utiliser les donn\u00e9es recueillies pour contextualiser et personnaliser les annonces de son propre r\u00e9seau publicitaire. Vous pouvez emp\u00eacher que vos activit\u00e9s dans le cadre du Service ne soient mises \u00e0 la disposition de Google Analytics en installant le plug-in pour navigateur Analytics Opt out browser add-on de Google Analytics. Ce plug-in emp\u00eache le code JavaScript de Google Analytics JavaScript (ga.js, analytics.js et dc.js) de partager les informations concernant les activit\u00e9s li\u00e9es aux visites avec Google Analytics. Pour plus de pr\u00e9cisions sur les pratiques de confidentialit\u00e9 de Google, merci de consulter la <a href=\"https:\/\/policies.google.com\/privacy?hl=fr\" rel=\"nofollow\">page web Protection de la vie priv\u00e9e et conditions de Google.<\/a><\/p>\n<p><strong>Remarketing comportemental<\/strong><br \/>\nNor-Lag fait appel \u00e0 des services de remarketing pour vous pr\u00e9senter des annonces sur des sites de tiers apr\u00e8s que vous ayez consult\u00e9 notre Service. Nous et nos fournisseurs tiers utilisons des cookies pour fa\u00e7onner, optimiser et diffuser des annonces en fonction de votre fr\u00e9quentation ant\u00e9rieure de notre Service.<\/p>\n<p><strong>Google Ads (AdWords)<br \/>\n<\/strong>Le service de remarketing Google Ads (AdWords) est fourni par Google Inc. Vous pouvez refuser Google Analytics for Display Advertising et personnaliser les annonces Google Display Network en vous rendant sur la <a href=\"https:\/\/www.google.com\/settings\/ads\" rel=\"nofollow\">page Google Ads Settings<\/a> (param\u00e8tres de Google Ads). Google recommande \u00e9galement d\u2019installer le plug-in <a href=\"https:\/\/tools.google.com\/dlpage\/gaoptout\" rel=\"nofollow\">Google Analytics Opt-out Browser Add-on<\/a> dans votre navigateur web. Le plug-in Google Analytics Opt-out Browser Add-on permet aux visiteurs d\u2019emp\u00eacher Google Analytics de recueillir et d\u2019utiliser leur donn\u00e9es. Pour plus de pr\u00e9cisions sur les pratiques de confidentialit\u00e9 de Google, merci de consulter la <a href=\"https:\/\/policies.google.com\/privacy?hl=fr\" rel=\"nofollow\">page web Protection de la vie priv\u00e9e et conditions de Google.<\/a><\/p>\n<p><strong>Liens pointant vers d\u2019autres sites<\/strong><br \/>\nIl se peut que notre Service contienne des liens pointant vers d\u2019autres sites que nous n\u2019exploitons pas. Si vous cliquez sur un lien de tiers, vous serez redirig\u00e9 vers le site de ce tiers. Nous vous recommandons vivement d\u2019examiner la politique de confidentialit\u00e9 de chacun des sites que vous consultez. Nous n\u2019avons aucun contr\u00f4le sur le contenu, les politiques ou pratiques de confidentialit\u00e9 des sites ou services de tiers et d\u00e9clinons toute responsabilit\u00e9 en ce qui les concerne.<\/p>\n<p><strong>Vie priv\u00e9e des enfants<\/strong><br \/>\nNotre Service ne s\u2019adresse pas aux personnes de moins de 18 ans (\u00ab Enfants \u00bb). Nous ne recueillons pas sciemment de donn\u00e9es personnelles nominatives aupr\u00e8s de personnes de moins de 18 ans. Si vous \u00eates un parent ou un tuteur et que vous savez que votre Enfant nous a communiqu\u00e9 des Donn\u00e9es \u00e0 Caract\u00e8re Personnel, veuillez nous contacter. Si nous apprenons que nous avons recueilli des Donn\u00e9es \u00e0 Caract\u00e8re Personnel aupr\u00e8s d\u2019enfants sans v\u00e9rifier s\u2019il y a consentement parental, nous faisons le n\u00e9cessaire pour supprimer ces informations de nos serveurs.<\/p>\n<p><strong>Modifications de la pr\u00e9sente Politique de Confidentialit\u00e9<\/strong><br \/>\nNous nous r\u00e9servons le droit d\u2019actualiser notre Politique de Confidentialit\u00e9 de temps \u00e0 autre. Nous vous informerons de toute modification en publiant la nouvelle Politique de Confidentialit\u00e9 sur cette page. Avant que la modification ne prenne effet, nous vous en informerons par e-mail et\/ ou en pla\u00e7ant un avis bien en vue dans notre Service et nous actualiserons la \u00ab date de prise d\u2019effet \u00bb qui figure en haut de la pr\u00e9sente Politique de Confidentialit\u00e9. Nous vous conseillons de consulter la pr\u00e9sente Politique de Confidentialit\u00e9 p\u00e9riodiquement pour prendre connaissance de toute modification. Les modifications apport\u00e9es \u00e0 la pr\u00e9sente Politique de Confidentialit\u00e9 prennent effet lorsqu\u2019elles sont publi\u00e9es sur cette page.<\/p>\n<p><strong>Nous contacter<\/strong><br \/>\nPour toute question relative \u00e0 la pr\u00e9sente Politique de Confidentialit\u00e9, veuillez nous contacter : <a href=\"https:\/\/www.norlag.ca\/fr\/contact\/\">https:\/\/www.norlag.ca\/fr\/contact\/<\/a><\/p>\n<\/div>\n<\/div>\n<\/div>\n<\/div>\n<\/div>\n<\/div>\n<\/div>\n<\/div>\n<\/section>\n<\/div>\n\t\t\t\t\t\t<\/div>\n\t\t\t\t<\/div>\n\t\t\t\t\t<\/div>\n\t\t<\/div>\n\t\t\t\t\t<\/div>\n\t\t<\/section>\n\t\t\t\t<\/div>\n\t\t","protected":false},"excerpt":{"rendered":"","protected":false},"author":3,"featured_media":0,"parent":0,"menu_order":0,"comment_status":"closed","ping_status":"closed","template":"","meta":{"_acf_changed":false,"_seopress_robots_primary_cat":"","_seopress_titles_title":"","_seopress_titles_desc":"","_seopress_robots_index":"","inline_featured_image":false,"site-sidebar-layout":"no-sidebar","site-content-layout":"page-builder","ast-site-content-layout":"default","site-content-style":"default","site-sidebar-style":"default","ast-global-header-display":"","ast-banner-title-visibility":"","ast-main-header-display":"","ast-hfb-above-header-display":"","ast-hfb-below-header-display":"","ast-hfb-mobile-header-display":"","site-post-title":"disabled","ast-breadcrumbs-content":"","ast-featured-img":"disabled","footer-sml-layout":"","ast-disable-related-posts":"","theme-transparent-header-meta":"default","adv-header-id-meta":"","stick-header-meta":"","header-above-stick-meta":"","header-main-stick-meta":"","header-below-stick-meta":"","astra-migrate-meta-layouts":"default","ast-page-background-enabled":"default","ast-page-background-meta":{"desktop":{"background-color":"","background-image":"","background-repeat":"repeat","background-position":"center center","background-size":"auto","background-attachment":"scroll","background-type":"","background-media":"","overlay-type":"","overlay-color":"","overlay-opacity":"","overlay-gradient":""},"tablet":{"background-color":"","background-image":"","background-repeat":"repeat","background-position":"center center","background-size":"auto","background-attachment":"scroll","background-type":"","background-media":"","overlay-type":"","overlay-color":"","overlay-opacity":"","overlay-gradient":""},"mobile":{"background-color":"","background-image":"","background-repeat":"repeat","background-position":"center center","background-size":"auto","background-attachment":"scroll","background-type":"","background-media":"","overlay-type":"","overlay-color":"","overlay-opacity":"","overlay-gradient":""}},"ast-content-background-meta":{"desktop":{"background-color":"var(--ast-global-color-5)","background-image":"","background-repeat":"repeat","background-position":"center center","background-size":"auto","background-attachment":"scroll","background-type":"","background-media":"","overlay-type":"","overlay-color":"","overlay-opacity":"","overlay-gradient":""},"tablet":{"background-color":"var(--ast-global-color-5)","background-image":"","background-repeat":"repeat","background-position":"center center","background-size":"auto","background-attachment":"scroll","background-type":"","background-media":"","overlay-type":"","overlay-color":"","overlay-opacity":"","overlay-gradient":""},"mobile":{"background-color":"var(--ast-global-color-5)","background-image":"","background-repeat":"repeat","background-position":"center center","background-size":"auto","background-attachment":"scroll","background-type":"","background-media":"","overlay-type":"","overlay-color":"","overlay-opacity":"","overlay-gradient":""}},"footnotes":""},"class_list":["post-531","page","type-page","status-publish","hentry"],"acf":[],"_links":{"self":[{"href":"https:\/\/www.norlag.ca\/fr\/wp-json\/wp\/v2\/pages\/531","targetHints":{"allow":["GET"]}}],"collection":[{"href":"https:\/\/www.norlag.ca\/fr\/wp-json\/wp\/v2\/pages"}],"about":[{"href":"https:\/\/www.norlag.ca\/fr\/wp-json\/wp\/v2\/types\/page"}],"author":[{"embeddable":true,"href":"https:\/\/www.norlag.ca\/fr\/wp-json\/wp\/v2\/users\/3"}],"replies":[{"embeddable":true,"href":"https:\/\/www.norlag.ca\/fr\/wp-json\/wp\/v2\/comments?post=531"}],"version-history":[{"count":0,"href":"https:\/\/www.norlag.ca\/fr\/wp-json\/wp\/v2\/pages\/531\/revisions"}],"wp:attachment":[{"href":"https:\/\/www.norlag.ca\/fr\/wp-json\/wp\/v2\/media?parent=531"}],"curies":[{"name":"wp","href":"https:\/\/api.w.org\/{rel}","templated":true}]}}