{"id":506,"date":"2020-06-03T12:59:55","date_gmt":"2020-06-03T17:59:55","guid":{"rendered":"http:\/\/norlag.ca\/?page_id=506"},"modified":"2026-02-11T11:27:50","modified_gmt":"2026-02-11T16:27:50","slug":"a-propos","status":"publish","type":"page","link":"https:\/\/www.norlag.ca\/fr\/a-propos\/","title":{"rendered":"A propos"},"content":{"rendered":"\t\t<div data-elementor-type=\"wp-page\" data-elementor-id=\"506\" class=\"elementor elementor-506 elementor-504\" data-elementor-post-type=\"page\">\n\t\t\t\t\t\t<section class=\"elementor-section elementor-top-section elementor-element elementor-element-8096422 elementor-section-full_width elementor-section-height-min-height elementor-section-items-stretch elementor-section-height-default\" data-id=\"8096422\" data-element_type=\"section\">\n\t\t\t\t\t\t<div class=\"elementor-container elementor-column-gap-no\">\n\t\t\t\t\t<div class=\"elementor-column elementor-col-100 elementor-top-column elementor-element elementor-element-1b87f75\" data-id=\"1b87f75\" data-element_type=\"column\">\n\t\t\t<div class=\"elementor-widget-wrap elementor-element-populated\">\n\t\t\t\t\t\t<section class=\"elementor-section elementor-inner-section elementor-element elementor-element-b9b32e4 elementor-section-full_width elementor-section-height-default elementor-section-height-default\" data-id=\"b9b32e4\" data-element_type=\"section\">\n\t\t\t\t\t\t<div class=\"elementor-container elementor-column-gap-default\">\n\t\t\t\t\t<div class=\"elementor-column elementor-col-50 elementor-inner-column elementor-element elementor-element-1d1e617\" data-id=\"1d1e617\" data-element_type=\"column\">\n\t\t\t<div class=\"elementor-widget-wrap elementor-element-populated\">\n\t\t\t\t\t\t<div class=\"elementor-element elementor-element-ac7ff41 elementor-widget elementor-widget-heading\" data-id=\"ac7ff41\" data-element_type=\"widget\" data-widget_type=\"heading.default\">\n\t\t\t\t<div class=\"elementor-widget-container\">\n\t\t\t\t\t<span class=\"elementor-heading-title elementor-size-default\">REV\u00caTEMENTS NOR-LAG LT\u00c9E<\/span>\t\t\t\t<\/div>\n\t\t\t\t<\/div>\n\t\t\t\t<div class=\"elementor-element elementor-element-9dad4e5 elementor-widget elementor-widget-heading\" data-id=\"9dad4e5\" data-element_type=\"widget\" data-widget_type=\"heading.default\">\n\t\t\t\t<div class=\"elementor-widget-container\">\n\t\t\t\t\t<h2 class=\"elementor-heading-title elementor-size-default\">NOUS SOMMES FIERS DE NOS SERVICES DE QUALIT\u00c9 SUP\u00c9RIEURE ET DE NOTRE PROFESSIONNALISME.<\/h2>\t\t\t\t<\/div>\n\t\t\t\t<\/div>\n\t\t\t\t<div class=\"elementor-element elementor-element-3ce6801 elementor-widget elementor-widget-image\" data-id=\"3ce6801\" data-element_type=\"widget\" data-widget_type=\"image.default\">\n\t\t\t\t<div class=\"elementor-widget-container\">\n\t\t\t\t\t\t\t\t\t\t\t\t\t\t\t<img fetchpriority=\"high\" decoding=\"async\" width=\"1024\" height=\"398\" src=\"https:\/\/www.norlag.ca\/wp-content\/uploads\/50-years-experience-fr-1024x398.webp\" class=\"attachment-large size-large wp-image-623\" alt=\"\" srcset=\"https:\/\/www.norlag.ca\/wp-content\/uploads\/50-years-experience-fr-1024x398.webp 1024w, https:\/\/www.norlag.ca\/wp-content\/uploads\/50-years-experience-fr-300x117.webp 300w, https:\/\/www.norlag.ca\/wp-content\/uploads\/50-years-experience-fr-150x58.webp 150w, https:\/\/www.norlag.ca\/wp-content\/uploads\/50-years-experience-fr-768x298.webp 768w, https:\/\/www.norlag.ca\/wp-content\/uploads\/50-years-experience-fr-1536x596.webp 1536w, https:\/\/www.norlag.ca\/wp-content\/uploads\/50-years-experience-fr.webp 1818w\" sizes=\"(max-width: 1024px) 100vw, 1024px\" \/>\t\t\t\t\t\t\t\t\t\t\t\t\t\t\t<\/div>\n\t\t\t\t<\/div>\n\t\t\t\t\t<\/div>\n\t\t<\/div>\n\t\t\t\t<div class=\"elementor-column elementor-col-50 elementor-inner-column elementor-element elementor-element-6c63559 elementor-hidden-phone\" data-id=\"6c63559\" data-element_type=\"column\">\n\t\t\t<div class=\"elementor-widget-wrap elementor-element-populated\">\n\t\t\t\t\t\t<div class=\"elementor-element elementor-element-29ae08f elementor-widget elementor-widget-image\" data-id=\"29ae08f\" data-element_type=\"widget\" data-widget_type=\"image.default\">\n\t\t\t\t<div class=\"elementor-widget-container\">\n\t\t\t\t\t\t\t\t\t\t\t\t\t\t\t<img decoding=\"async\" width=\"799\" height=\"849\" src=\"https:\/\/www.norlag.ca\/wp-content\/uploads\/statement.jpg\" class=\"attachment-large size-large wp-image-451\" alt=\"\" srcset=\"https:\/\/www.norlag.ca\/wp-content\/uploads\/statement.jpg 799w, https:\/\/www.norlag.ca\/wp-content\/uploads\/statement-282x300.jpg 282w, https:\/\/www.norlag.ca\/wp-content\/uploads\/statement-141x150.jpg 141w, https:\/\/www.norlag.ca\/wp-content\/uploads\/statement-768x816.jpg 768w\" sizes=\"(max-width: 799px) 100vw, 799px\" \/>\t\t\t\t\t\t\t\t\t\t\t\t\t\t\t<\/div>\n\t\t\t\t<\/div>\n\t\t\t\t\t<\/div>\n\t\t<\/div>\n\t\t\t\t\t<\/div>\n\t\t<\/section>\n\t\t\t\t<section class=\"elementor-section elementor-inner-section elementor-element elementor-element-bea9a1f ignore-toc elementor-section-boxed elementor-section-height-default elementor-section-height-default\" data-id=\"bea9a1f\" data-element_type=\"section\" data-settings=\"{&quot;background_background&quot;:&quot;classic&quot;}\">\n\t\t\t\t\t\t<div class=\"elementor-container elementor-column-gap-default\">\n\t\t\t\t\t<div class=\"elementor-column elementor-col-100 elementor-inner-column elementor-element elementor-element-686d57f\" data-id=\"686d57f\" data-element_type=\"column\">\n\t\t\t<div class=\"elementor-widget-wrap elementor-element-populated\">\n\t\t\t\t\t\t<div class=\"elementor-element elementor-element-8a2fc0b elementor-widget elementor-widget-image\" data-id=\"8a2fc0b\" data-element_type=\"widget\" data-widget_type=\"image.default\">\n\t\t\t\t<div class=\"elementor-widget-container\">\n\t\t\t\t\t\t\t\t\t\t\t\t\t\t\t<img decoding=\"async\" width=\"1024\" height=\"1024\" src=\"https:\/\/www.norlag.ca\/wp-content\/uploads\/mission-statement-icone.svg\" class=\"attachment-large size-large wp-image-450\" alt=\"\" \/>\t\t\t\t\t\t\t\t\t\t\t\t\t\t\t<\/div>\n\t\t\t\t<\/div>\n\t\t\t\t<div class=\"elementor-element elementor-element-1b05a7f elementor-widget elementor-widget-text-editor\" data-id=\"1b05a7f\" data-element_type=\"widget\" data-widget_type=\"text-editor.default\">\n\t\t\t\t<div class=\"elementor-widget-container\">\n\t\t\t\t\t\t\t\t\t<p>Notre entreprise continue d\u2019\u00eatre \u00e0 la fine pointe en mati\u00e8re de peinture architecturale, des rev\u00eatements intumescents, des applications d&rsquo;\u00e9poxy, des rev\u00eatements \u00e0 application fluide et de la pr\u00e9paration de surface. Nous sommes fiers de nos services de qualit\u00e9 sup\u00e9rieure et de notre professionnalisme. Gr\u00e2ce \u00e0 nos inspecteurs certifi\u00e9s NACE niveau 3\/3 et \u00e0 notre syst\u00e8me novateur de gestion de projets bas\u00e9 sur le cloud, nous pouvons fournir \u00e0 nos clients une r\u00e9solution de probl\u00e8mes en temps r\u00e9el, un contr\u00f4le de la qualit\u00e9 et maximiser les performances sur le terrain \u00e0 travers le pays. Nous nous engageons \u00e0 former notre \u00e9quipe de direction et nos applicateurs en utilisant des technologies de pointe en mati\u00e8re de rev\u00eatements et en respectant les normes les plus \u00e0 jour en mati\u00e8re de sant\u00e9 et de s\u00e9curit\u00e9. Tout ceci, en respectant les normes et les proc\u00e9dures de protection de l&rsquo;environnement les plus strictes. Les Rev\u00eatements Nor-Lag est un mod\u00e8le d\u2019excellence en mati\u00e8re de pr\u00e9paration de surface et d&rsquo;application de rev\u00eatements.<\/p>\t\t\t\t\t\t\t\t<\/div>\n\t\t\t\t<\/div>\n\t\t\t\t\t<\/div>\n\t\t<\/div>\n\t\t\t\t\t<\/div>\n\t\t<\/section>\n\t\t\t\t\t<\/div>\n\t\t<\/div>\n\t\t\t\t\t<\/div>\n\t\t<\/section>\n\t\t\t\t<\/div>\n\t\t","protected":false},"excerpt":{"rendered":"<p>REV\u00caTEMENTS NOR-LAG LT\u00c9E NOUS SOMMES FIERS DE NOS SERVICES DE QUALIT\u00c9 SUP\u00c9RIEURE ET DE NOTRE PROFESSIONNALISME. Notre entreprise continue d\u2019\u00eatre \u00e0 la fine pointe en mati\u00e8re de peinture architecturale, des rev\u00eatements intumescents, des applications d&rsquo;\u00e9poxy, des rev\u00eatements \u00e0 application fluide et de la pr\u00e9paration de surface. Nous sommes fiers de nos services de qualit\u00e9 sup\u00e9rieure [&hellip;]<\/p>\n","protected":false},"author":3,"featured_media":0,"parent":0,"menu_order":0,"comment_status":"closed","ping_status":"closed","template":"","meta":{"_acf_changed":false,"_seopress_robots_primary_cat":"","_seopress_titles_title":"","_seopress_titles_desc":"REV\u00caTEMENTS NOR-LAG LT\u00c9E NOUS SOMMES FIERS DE NOS SERVICES DE QUALIT\u00c9 SUP\u00c9RIEURE ET DE NOTRE PROFESSIONNALISME. Notre entreprise continue d\u2019\u00eatre \u00e0 la fine pointe en mati\u00e8re de peinture architecturale, des rev\u00eatements intumescents, des applications d&#039;\u00e9poxy, des rev\u00eatements \u00e0 application fluide et de la pr\u00e9paration de\u2026","_seopress_robots_index":"","inline_featured_image":false,"site-sidebar-layout":"no-sidebar","site-content-layout":"page-builder","ast-site-content-layout":"default","site-content-style":"default","site-sidebar-style":"default","ast-global-header-display":"","ast-banner-title-visibility":"","ast-main-header-display":"","ast-hfb-above-header-display":"","ast-hfb-below-header-display":"","ast-hfb-mobile-header-display":"","site-post-title":"disabled","ast-breadcrumbs-content":"","ast-featured-img":"disabled","footer-sml-layout":"","ast-disable-related-posts":"","theme-transparent-header-meta":"default","adv-header-id-meta":"","stick-header-meta":"","header-above-stick-meta":"","header-main-stick-meta":"","header-below-stick-meta":"","astra-migrate-meta-layouts":"default","ast-page-background-enabled":"default","ast-page-background-meta":{"desktop":{"background-color":"","background-image":"","background-repeat":"repeat","background-position":"center center","background-size":"auto","background-attachment":"scroll","background-type":"","background-media":"","overlay-type":"","overlay-color":"","overlay-opacity":"","overlay-gradient":""},"tablet":{"background-color":"","background-image":"","background-repeat":"repeat","background-position":"center center","background-size":"auto","background-attachment":"scroll","background-type":"","background-media":"","overlay-type":"","overlay-color":"","overlay-opacity":"","overlay-gradient":""},"mobile":{"background-color":"","background-image":"","background-repeat":"repeat","background-position":"center center","background-size":"auto","background-attachment":"scroll","background-type":"","background-media":"","overlay-type":"","overlay-color":"","overlay-opacity":"","overlay-gradient":""}},"ast-content-background-meta":{"desktop":{"background-color":"var(--ast-global-color-5)","background-image":"","background-repeat":"repeat","background-position":"center center","background-size":"auto","background-attachment":"scroll","background-type":"","background-media":"","overlay-type":"","overlay-color":"","overlay-opacity":"","overlay-gradient":""},"tablet":{"background-color":"var(--ast-global-color-5)","background-image":"","background-repeat":"repeat","background-position":"center center","background-size":"auto","background-attachment":"scroll","background-type":"","background-media":"","overlay-type":"","overlay-color":"","overlay-opacity":"","overlay-gradient":""},"mobile":{"background-color":"var(--ast-global-color-5)","background-image":"","background-repeat":"repeat","background-position":"center center","background-size":"auto","background-attachment":"scroll","background-type":"","background-media":"","overlay-type":"","overlay-color":"","overlay-opacity":"","overlay-gradient":""}},"footnotes":""},"class_list":["post-506","page","type-page","status-publish","hentry"],"acf":[],"_links":{"self":[{"href":"https:\/\/www.norlag.ca\/fr\/wp-json\/wp\/v2\/pages\/506","targetHints":{"allow":["GET"]}}],"collection":[{"href":"https:\/\/www.norlag.ca\/fr\/wp-json\/wp\/v2\/pages"}],"about":[{"href":"https:\/\/www.norlag.ca\/fr\/wp-json\/wp\/v2\/types\/page"}],"author":[{"embeddable":true,"href":"https:\/\/www.norlag.ca\/fr\/wp-json\/wp\/v2\/users\/3"}],"replies":[{"embeddable":true,"href":"https:\/\/www.norlag.ca\/fr\/wp-json\/wp\/v2\/comments?post=506"}],"version-history":[{"count":3,"href":"https:\/\/www.norlag.ca\/fr\/wp-json\/wp\/v2\/pages\/506\/revisions"}],"predecessor-version":[{"id":629,"href":"https:\/\/www.norlag.ca\/fr\/wp-json\/wp\/v2\/pages\/506\/revisions\/629"}],"wp:attachment":[{"href":"https:\/\/www.norlag.ca\/fr\/wp-json\/wp\/v2\/media?parent=506"}],"curies":[{"name":"wp","href":"https:\/\/api.w.org\/{rel}","templated":true}]}}